{"id":569,"date":"2020-09-01T10:11:14","date_gmt":"2020-09-01T14:11:14","guid":{"rendered":"https:\/\/fmec.machinedev.ca\/credential\/"},"modified":"2025-12-16T11:13:32","modified_gmt":"2025-12-16T16:13:32","slug":"credential","status":"publish","type":"page","link":"https:\/\/www.cpdcoalition.ca\/fr\/credential\/","title":{"rendered":"Titre de comp\u00e9tence"},"content":{"rendered":"\n<section class=\"section section--impact page-impact alignfull\">\n  <div class=\"impact-overlay\"><\/div>\n    <div class=\"parallax-bg \" style=\"background-image: url(https:\/\/www.cpdcoalition.ca\/wp-content\/uploads\/2020\/05\/iStock-1165067633-1920x828.jpg); background-size: cover; background-position: center center;\"><\/div>\n  <div class=\"grid-container fade-up-and-in\">\n    <div class=\"grid-x\">\n      <div class=\"cell\">\n                  <h1>Accr\u00e9ditation  professionelle<\/h1>\n                      <\/div>\n    <\/div>\n  <\/div>\n<\/section>\n\n\n\n<figure class=\"wp-block-video aligncenter\"><video controls poster=\"https:\/\/www.cpdcoalition.ca\/wp-content\/uploads\/2021\/09\/cpd_FR_video.png\" src=\"https:\/\/www.cpdcoalition.ca\/wp-content\/uploads\/2021\/09\/French-Coalition-Video-Small.mp4\"><\/video><\/figure>\n\n\n\n<h2 class=\"wp-block-heading\"><strong>Qu\u2019est-ce que le titre de PCD(SS)?<\/strong><\/h2>\n\n\n\n<p>Le titre de Professionnel certifi\u00e9 en DPC (soins de sant\u00e9)&nbsp;&nbsp;PCD(SS) est une d\u00e9signation officielle pour les professionnels sous le domaine du DPC dans la cr\u00e9ation et l&rsquo;offre de programmes de DPC. Le titre est accord\u00e9 par la Coalition pour l\u2019apprentissage des m\u00e9decins et l\u2019am\u00e9lioration durable de la pratique (la Coalition).<\/p>\n\n\n\n<blockquote class=\"wp-block-quote is-style-default is-layout-flow wp-block-quote-is-layout-flow\">\n<p>\u00ab&nbsp;Ce titre procure une reconnaissance nationale aux fournisseurs et aux concepteurs dans le domaine du DPC. Il est gage de leurs comp\u00e9tences principales en conception, en mise en \u0153uvre et en \u00e9valuation des interventions \u00e9ducatives qui am\u00e9liorent la pratique. J\u2019ai h\u00e2te de voir comment il contribuera \u00e0 l\u2019am\u00e9lioration du DPC au cours des prochaines ann\u00e9es.&nbsp;\u00bb<\/p>\n<cite>Dre Brenna Lynn, doyenne associ\u00e9e, D\u00e9veloppement professionnel continu, Universit\u00e9 de la Colombie-Britannique (DPC UBC)<\/cite><\/blockquote>\n\n\n\n<h2 class=\"wp-block-heading\"><strong>Disponible \u00e0 qui&nbsp;? Comment y parvenir&nbsp;?<\/strong> <\/h2>\n\n\n\n<p>Le titre de PCD(SS) fait preuves de caract\u00e9ristiques des individus qui participent au DPC en ayant un titre de leaders, de concepteurs de programmes, de chercheurs et d\u2019administrateurs, qu\u2019ils soient m\u00e9decins ou pas. Il permet aux professionnels du DPC, qui ont plus d\u2019exp\u00e9rience, d\u2019\u00eatre reconnus sous la voie du leadership, et aux autres de tirer profit de leur expertise et d\u2019\u00eatre reconnus en termes de certification.<\/p>\n\n\n\n<h2 class=\"wp-block-heading\"><strong>Dites-moi qui peut pr\u00e9tendre \u00e0 ce titre.<\/strong><\/h2>\n\n\n\n<ul class=\"wp-block-list\">\n<li>Les concepteurs de programmes, les administrateurs et les \u00e9rudits de DPC, qu\u2019ils soient m\u00e9decins ou non, qui participent \u00e0 la cr\u00e9ation de programmes, \u00e0 la prestation de services et aux bourses d\u2019\u00e9tudes li\u00e9es au DPC appuyant l\u2019apprentissage et l\u2019am\u00e9lioration continue de la pratique des m\u00e9decins.&nbsp;<\/li>\n\n\n\n<li>Les candidats sp\u00e9cialis\u00e9s sur le DPC pour d\u2019autres professions de la sant\u00e9 seront aussi accept\u00e9es.<\/li>\n\n\n\n<li>Les candidats canadiennes et internationales seront accept\u00e9es.&nbsp;<\/li>\n\n\n\n<li>Les employ\u00e9s des industries pharmaceutiques, des dispositifs m\u00e9dicaux et de l\u2019approvisionnement ne sont pas admissibles.<\/li>\n<\/ul>\n\n\n\n<div style=\"height:10px\" aria-hidden=\"true\" class=\"wp-block-spacer\"><\/div>\n\n\n\n<h2 class=\"wp-block-heading\">Comment poser ma candidature ?<\/h2>\n\n\n\n<p><span style=\"font-size: revert; color: initial;\">Veuillez noter que nos formulaires de demande pour les parcours de certificat et de leadership sont en cours de mise \u00e0 jour. Les nouveaux formulaires seront disponibles sous peu. En attendant, si vous avez besoin d&rsquo;un formulaire de demande, veuillez nous contacter directement \u00e0&nbsp;<\/span><a style=\"font-size: revert; color: rgb(17, 85, 204);\" href=\"mailto:cpdcoalition@cfpc.ca\" target=\"_blank\" rel=\"noopener\">cpdcoalition@cfpc.ca<\/a><span style=\"font-size: revert; color: initial;\">&nbsp;et pr\u00e9ciser quel formulaire vous souhaitez recevoir lorsque les nouveaux seront pr\u00eats.<\/span> Merci!<\/p>\n\n\n\n<h2 class=\"wp-block-heading\">Prix honorifique pour l&rsquo;ensemble des r\u00e9alisations<\/h2>\n\n\n\n<p>L\u2019accr\u00e9ditation honorifique souligne la contribution exceptionnelle de leaders \u0153uvrant dans le domaine du d\u00e9veloppement professionnel continue. Pionniers dans leur communaut\u00e9, ces leaders repr\u00e9sentent les esprits les plus influents dans le domaine.<\/p>\n\n\n\n<h3 class=\"wp-block-heading\">Conditions<\/h3>\n\n\n\n<ul class=\"wp-block-list\">\n<li>Curriculum vitae de 5 pages ou moins.<\/li>\n\n\n\n<li>Lettre de nomination<\/li>\n\n\n\n<li>2 r\u00e9f\u00e9rences<\/li>\n<\/ul>\n\n\n\n<p><strong>Cliquez ici pour acc\u00e9der au site de nomination en ligne.<\/strong><\/p>\n\n\n\n<div class=\"wp-block-buttons is-layout-flex wp-block-buttons-is-layout-flex\">\n<div class=\"wp-block-button\"><a class=\"wp-block-button__link wp-element-button\" href=\"https:\/\/www.cpdcoalition.ca\/fr\/accreditation-honorifique-pour-lensemble-de-la-carriere\/\">Nominations<\/a><\/div>\n<\/div>\n\n\n\n<h2 class=\"wp-block-heading\"><strong>Plus de d\u00e9tail par rapport au Leadershi<\/strong>p trois personnes de r\u00e9f\u00e9rence ?<\/h2>\n\n\n\n<p>Les professionnels chevronn\u00e9s en DPC au Canada, ayant une exp\u00e9rience significative et des ant\u00e9c\u00e9dents d\u00e9montr\u00e9s de r\u00e9ussite en DPC, sont \u00e9ligibles pour postuler par cette voie. Bien qu&rsquo;il n&rsquo;y ait pas de minimum, la plupart des candidats retenus travaillent dans le domaine depuis 10 ans ou plus.<\/p>\n\n\n\n<p>Les candidats pr\u00e9senteront leurs r\u00e9alisations en mati\u00e8re de DPC et leur d\u00e9veloppement professionnel dans ce domaine, ainsi qu&rsquo;une d\u00e9claration personnelle et les \u00e9valuations \u00e9crites de trois examinateurs.<\/p>\n\n\n\n<p>La demande des candidats portera sur les r\u00e9alisations des dirigeants du DPC qui ont eu un impact dans l&rsquo;un ou l&rsquo;ensemble des domaines suivants :<\/p>\n\n\n\n<ul class=\"wp-block-list\">\n<li>\u00c9ducation, bourses d\u2019\u00e9tudes et activit\u00e9s administratives&nbsp;<\/li>\n\n\n\n<li>Implication dans des organisations de DPC internationales, nationales, provinciales ou locales<\/li>\n\n\n\n<li>Occupation d\u2019un poste de chef, d\u2019administrateur ou d\u2019innovateur dans le domaine du DPC&nbsp;<\/li>\n\n\n\n<li>Leadership dans le domaine du DPC soutenant la responsabilit\u00e9 sociale<\/li>\n\n\n\n<li>DPC interprofessionnel<\/li>\n<\/ul>\n\n\n\n<div style=\"height:20px\" aria-hidden=\"true\" class=\"wp-block-spacer\"><\/div>\n\n\n\n<h3 class=\"wp-block-heading\"><strong>Je ne pense pas que cela s&rsquo;appliquerait \u00e0 moi. Et la certification ?<\/strong><\/h3>\n\n\n\n<p>Les personnes qui suivent \u00e0 la fois les cours de <a href=\"https:\/\/www.cpd.utoronto.ca\/cpd-foundations\/\"><strong><span style=\"text-decoration: underline;\">base de DPC et le programme<\/span><\/strong> <strong><span style=\"text-decoration: underline;\">\u00ab&nbsp;Leading and Influencing Change in CPD&nbsp;\u00bb<\/span><\/strong><\/a> offert par le d\u00e9partement de DPC de la facult\u00e9 de m\u00e9decine de l&rsquo;Universit\u00e9 de Toronto &#8211; ou un programme de certificat \u00e9quivalent (tel qu&rsquo;\u00e9valu\u00e9 par le comit\u00e9 d&rsquo;examen des titres de comp\u00e9tences) r\u00e9pondront aux crit\u00e8res du PCD(SS) par la voie du certificat. Vous devrez \u00e9galement remplir un formulaire de candidature, soumettre une courte d\u00e9claration et fournir les \u00e9valuations \u00e9crites de personnes de r\u00e9f\u00e9rence. <\/p>\n\n\n\n<h3 class=\"wp-block-heading\"><strong>En quoi le fait d&rsquo;avoir ce dipl\u00f4me me serait-il utile ?<\/strong><\/h3>\n\n\n\n<ul class=\"wp-block-list\">\n<li>Un signe de votre expertise et de vos r\u00e9alisations en mati\u00e8re de DPC<\/li>\n\n\n\n<li>Un atout pour faire avancer votre carri\u00e8re dans la formation continue du DPC<\/li>\n\n\n\n<li>Reconnaissance de votre d\u00e9veloppement professionnel de la part d&rsquo;une coalition qui comprend les principales associations, f\u00e9d\u00e9rations et coll\u00e8ges m\u00e9dicaux<\/li>\n\n\n\n<li>Une opportunit\u00e9 d&rsquo;\u00e9largir votre r\u00e9seau professionnel avec d&rsquo;autres personnes engag\u00e9es dans la formation continue du DPC au niveau national et international<\/li>\n<\/ul>\n\n\n\n<div style=\"height:20px\" aria-hidden=\"true\" class=\"wp-block-spacer\"><\/div>\n\n\n\n<h3 class=\"wp-block-heading\"><strong>Pourquoi le titre PCD(SS) est-il important pour le DPC en g\u00e9n\u00e9ral?<\/strong><\/h3>\n\n\n\n<p>Lorsque vous obtenez le PCD(SS), vous rejoignez une communaut\u00e9 d&rsquo;individus partageant les m\u00eames id\u00e9es et cherchant \u00e0 faire progresser la discipline du CPD au Canada et dans le monde. Ces individus, comme vous, sont engag\u00e9es dans la DPC et croient en ses valeurs pour am\u00e9liorer la qualit\u00e9 et l&rsquo;impact des soins fournis par les m\u00e9decins et autres prestataires.<\/p>\n\n\n\n<h3 class=\"wp-block-heading\"><strong>Comment et quand ma demande sera-t-elle examin\u00e9e ?<\/strong><\/h3>\n\n\n\n<p>Votre demande sera examin\u00e9e pour s&rsquo;assurer qu&rsquo;elle est compl\u00e8te et sera ensuite envoy\u00e9e au comit\u00e9 d&rsquo;examen du PCD(SS) de la Coalition o\u00f9 elle sera \u00e9valu\u00e9e par vos coll\u00e8gues du CPD. Des recommandations seront faites \u00e0 l&rsquo;\u00e9quipe de direction de la coalition pour l&rsquo;accord. Les demandes seront examin\u00e9es deux fois par an.<\/p>\n\n\n\n<h3 class=\"wp-block-heading\"><strong>Quelles sont les dates butoirs de d\u00e9p\u00f4t des candidatures ?<\/strong><\/h3>\n\n\n\n<p>La date limite pour les candidatures est le dimanche 30 juin 2026, \u00e0 23h59 (heure de l&rsquo;Est). Tous les documents requis et le paiement doivent \u00eatre soumis avant cette date pour que la candidature soit prise en compte.<\/p>\n\n\n\n<h3 class=\"wp-block-heading\"><strong>Frais de dossier<\/strong><\/h3>\n\n\n\n<p>Les frais de demande (non remboursables) pour le dipl\u00f4me seront de <strong>de 475,00&nbsp;$<\/strong>, plus les frais applicables (2021 &amp; 2022) et seront effectu\u00e9s en ligne via Visa et Mastercard.<\/p>\n\n\n\n<p><strong>*Frais \u00e0 d\u00e9terminer apr\u00e8s 202<\/strong>2<\/p>\n\n\n\n<h3 class=\"wp-block-heading\"><strong>Remise du titre de comp\u00e9tences<\/strong><\/h3>\n\n\n\n<p>Les candidats retenus recevront un certificat (s&rsquo;ils sont pr\u00e9sents) et seront reconnus lors de la conf\u00e9rence nationale annuelle d&rsquo;agr\u00e9ment des programmes de DPC, organis\u00e9e conjointement par le Coll\u00e8ge royal et le Coll\u00e8ge des m\u00e9decins de famille du Canada. Une liste de tous les titulaires  de PCD(SS) sera \u00e9galement publi\u00e9e sur le site web de la Coalition.<\/p>\n\n\n\n<h3 class=\"wp-block-heading\"><strong>Maintien de l&rsquo;accr\u00e9ditation<\/strong><\/h3>\n\n\n\n<p>Les titulaires de PCD(SS) devront d\u00e9montrer leur activit\u00e9 professionnelle courante dans le domaine du DPC par des d\u00e9clarations tous les deux ans de leur travail et des preuves de leur d\u00e9veloppement professionnel dans ce domaine. Ces attestations seront simples et de nature narrative et seront soumises par voie \u00e9lectronique, pour \u00eatre examin\u00e9es par le comit\u00e9 d&rsquo;accr\u00e9ditation du PCD(SS). Des frais de renouvellement de 150 $, plus les frais applicables, seront factur\u00e9s tous les deux ans \u00e0 compter de la date d&rsquo;obtention du titre de comp\u00e9tences ; le dossier doit \u00eatre soumis.<\/p>\n","protected":false},"excerpt":{"rendered":"<p>Qu\u2019est-ce que le titre de PCD(SS)? Le titre de Professionnel certifi\u00e9 en DPC (soins de sant\u00e9)&nbsp;&nbsp;PCD(SS) est une d\u00e9signation officielle pour les professionnels sous le domaine du DPC dans la cr\u00e9ation et l&rsquo;offre de programmes de DPC. Le titre est accord\u00e9 par la Coalition pour l\u2019apprentissage des m\u00e9decins et l\u2019am\u00e9lioration durable de la pratique (la [&hellip;]<\/p>\n","protected":false},"author":3,"featured_media":0,"parent":0,"menu_order":0,"comment_status":"closed","ping_status":"closed","template":"","meta":{"_acf_changed":false,"footnotes":""},"class_list":["post-569","page","type-page","status-publish","hentry"],"acf":[],"_links":{"self":[{"href":"https:\/\/www.cpdcoalition.ca\/fr\/wp-json\/wp\/v2\/pages\/569","targetHints":{"allow":["GET"]}}],"collection":[{"href":"https:\/\/www.cpdcoalition.ca\/fr\/wp-json\/wp\/v2\/pages"}],"about":[{"href":"https:\/\/www.cpdcoalition.ca\/fr\/wp-json\/wp\/v2\/types\/page"}],"author":[{"embeddable":true,"href":"https:\/\/www.cpdcoalition.ca\/fr\/wp-json\/wp\/v2\/users\/3"}],"replies":[{"embeddable":true,"href":"https:\/\/www.cpdcoalition.ca\/fr\/wp-json\/wp\/v2\/comments?post=569"}],"version-history":[{"count":16,"href":"https:\/\/www.cpdcoalition.ca\/fr\/wp-json\/wp\/v2\/pages\/569\/revisions"}],"predecessor-version":[{"id":1828,"href":"https:\/\/www.cpdcoalition.ca\/fr\/wp-json\/wp\/v2\/pages\/569\/revisions\/1828"}],"wp:attachment":[{"href":"https:\/\/www.cpdcoalition.ca\/fr\/wp-json\/wp\/v2\/media?parent=569"}],"curies":[{"name":"wp","href":"https:\/\/api.w.org\/{rel}","templated":true}]}}