{"id":472,"date":"2020-04-03T16:35:31","date_gmt":"2020-04-03T20:35:31","guid":{"rendered":"https:\/\/fmec.machinedev.ca\/reports\/"},"modified":"2021-10-12T10:58:35","modified_gmt":"2021-10-12T14:58:35","slug":"rapports","status":"publish","type":"page","link":"https:\/\/www.cpdcoalition.ca\/fr\/rapports\/","title":{"rendered":"Rapports"},"content":{"rendered":"\n<section class=\"section section--impact page-impact alignfull\">\n  <div class=\"impact-overlay\"><\/div>\n    <div class=\"parallax-bg \" style=\"background-image: url(https:\/\/www.cpdcoalition.ca\/wp-content\/uploads\/2020\/05\/iStock-1165067633-1920x828.jpg); background-size: cover; background-position: center center;\"><\/div>\n  <div class=\"grid-container fade-up-and-in\">\n    <div class=\"grid-x\">\n      <div class=\"cell\">\n                  <h1>Rapports<\/h1>\n                      <\/div>\n    <\/div>\n  <\/div>\n<\/section>\n\n\n\n<section class=\"section section--text-with-image image-right alignfull\">\n  <div class=\"grid-container\">\n    <div class=\"grid-x grid-padding-x align-middle\">\n      <div class=\"cell medium-5 small-order-2 medium-order-2\">\n                  <img decoding=\"async\" src=\"https:\/\/www.cpdcoalition.ca\/wp-content\/uploads\/2020\/09\/FMEC-CPD_Synthesized_FR.jpg\" alt=\"Soutenir l'apprentissage et l'am\u00e9lioration continue de la pratique des m\u00e9decins au Canada : Une nouvelle perspective d'avenir\" class=\"full\">\n              <\/div>\n      <div class=\"cell medium-7 small-order-1 medium-order-1\">\n\t\t                  <h3>Soutenir l&rsquo;apprentissage et l&rsquo;am\u00e9lioration continue de la pratique des m\u00e9decins au Canada : Une nouvelle perspective d&rsquo;avenir<\/h3>\n                          <p><p><span style=\"font-weight: 400;\">Une nouvelle perspective s&rsquo;offre aux m\u00e9decins canadiens en mati\u00e8re de DPC. Le rapport du projet de d\u00e9veloppement professionnel continu sur l\u2019avenir de l\u2019\u00e9ducation m\u00e9dicale au Canada d\u00e9crit un nouveau syst\u00e8me de DPC qui appuie l\u2019apprentissage et l\u2019am\u00e9lioration de la pratique des m\u00e9decins et soutient l\u2019innovation et l\u2019am\u00e9lioration de la qualit\u00e9 afin de r\u00e9pondre aux besoins des Canadiens en mati\u00e8re de sant\u00e9.<\/span><\/p>\n<p><span style=\"font-weight: 400;\">Le rapport AEMC-DPC, con\u00e7u par sept organisations m\u00e9dicales canadiennes de premier plan, contient 11 recommandations visant \u00e0 assurer que le DPC aide les m\u00e9decins \u00e0 \u00e9voluer et \u00e0 am\u00e9liorer leur pratique tout au long de leur carri\u00e8re afin de r\u00e9pondre aux besoins des patients et des collectivit\u00e9s.<\/span><\/p>\n<p><b>Qu\u2019est-ce que cela signifie pour vous?<\/b><\/p>\n<p><span style=\"font-weight: 400;\">Pour les m\u00e9decins : un syst\u00e8me de DPC qui soutient votre apprentissage afin d\u2019am\u00e9liorer continuellement votre pratique.<\/span><\/p>\n<p><span style=\"font-weight: 400;\">Pour les patients : votre m\u00e9decin suivra un programme de DPC plus sp\u00e9cialis\u00e9 pour r\u00e9pondre au maximum \u00e0 vos besoins en mati\u00e8re de soins de sant\u00e9.<\/span><\/p>\n<p><span style=\"font-weight: 400;\">Pour les prestataires de DPC : une communaut\u00e9 int\u00e9gr\u00e9e et collaborative de DPC mieux outill\u00e9e pour r\u00e9pondre aux besoins de la pratique.<\/span><\/p>\n<\/p>\n                        \t<a class=\"wp-block-button__link\" href=\"https:\/\/www.cpdcoalition.ca\/wp-content\/uploads\/2021\/01\/FMEC-CPD_Synthesized_FR_WEB.pdf\" target=\"_self\">Lire le rapport<\/a>\n              <\/div>\n    <\/div>\n  <\/div>\n<\/section>\n\n\n\n<div style=\"height:50px\" aria-hidden=\"true\" class=\"wp-block-spacer\"><\/div>\n\n\n\n<section class=\"section section--text-with-image image-left alignfull\">\n  <div class=\"grid-container\">\n    <div class=\"grid-x grid-padding-x align-top\">\n      <div class=\"cell medium-5 small-order-2 medium-order-1\">\n                  <img decoding=\"async\" src=\"https:\/\/www.cpdcoalition.ca\/wp-content\/uploads\/2020\/09\/Pages-from-2015-FMEC-MD_FR-791x1024.jpg\" alt=\"AEMC 2015\" class=\"small\">\n              <\/div>\n      <div class=\"cell medium-7 small-order-1 medium-order-2\">\n\t\t        \t<h2>AEMC 2015<\/h2>\n\t\t                          <p><p><span style=\"font-weight: 400;\">L\u2019avenir de l\u2019\u00e9ducation m\u00e9dicale au Canada (AEMC)\u00a0: une vision collective pour l\u2019\u00e9ducation des m\u00e9decins<\/span><\/p>\n<\/p>\n                        \t<a class=\"wp-block-button__link\" href=\"https:\/\/www.cpdcoalition.ca\/wp-content\/uploads\/2020\/09\/2015-FMEC-MD_FR.pdf\" target=\"_blank\">LIRE MAINTEANT<\/a>\n              <\/div>\n    <\/div>\n  <\/div>\n<\/section>\n\n\n\n<div style=\"height:20px\" aria-hidden=\"true\" class=\"wp-block-spacer\"><\/div>\n\n\n\n<section class=\"section section--text-with-image image-left alignfull\">\n  <div class=\"grid-container\">\n    <div class=\"grid-x grid-padding-x align-top\">\n      <div class=\"cell medium-5 small-order-2 medium-order-1\">\n                  <img decoding=\"async\" src=\"https:\/\/www.cpdcoalition.ca\/wp-content\/uploads\/2020\/09\/Pages-from-2012-FMEC-MD_FR-791x1024.jpg\" alt=\"AEMC 2012\" class=\"small\">\n              <\/div>\n      <div class=\"cell medium-7 small-order-1 medium-order-2\">\n\t\t        \t<h2>AEMC 2012<\/h2>\n\t\t                          <p><p><span style=\"font-weight: 400;\">Une vision collective pour les \u00e9tudes m\u00e9dicales postdoctorales au Canada<\/span><\/p>\n<\/p>\n                        \t<a class=\"wp-block-button__link\" href=\"https:\/\/www.cpdcoalition.ca\/wp-content\/uploads\/2020\/09\/2012-FMEC-MD_FR.pdf\" target=\"_blank\">LIRE MAINTEANT<\/a>\n              <\/div>\n    <\/div>\n  <\/div>\n<\/section>\n\n\n\n<div style=\"height:20px\" aria-hidden=\"true\" class=\"wp-block-spacer\"><\/div>\n\n\n\n<section class=\"section section--text-with-image image-left alignfull\">\n  <div class=\"grid-container\">\n    <div class=\"grid-x grid-padding-x align-top\">\n      <div class=\"cell medium-5 small-order-2 medium-order-1\">\n                  <img decoding=\"async\" src=\"https:\/\/www.cpdcoalition.ca\/wp-content\/uploads\/2020\/09\/Pages-from-2010-FMEC-MD_FR-791x1024.jpg\" alt=\"AEMC 2010\" class=\"small\">\n              <\/div>\n      <div class=\"cell medium-7 small-order-1 medium-order-2\">\n\t\t        \t<h2>AEMC 2010<\/h2>\n\t\t                          <p><p><span style=\"font-weight: 400;\">L\u2019avenir de l\u2019\u00e9ducation m\u00e9dicale au Canada (AEMC) : une vision collective pour les \u00e9tudes m\u00e9dicales pr\u00e9doctorales <\/span><\/p>\n<\/p>\n                        \t<a class=\"wp-block-button__link\" href=\"https:\/\/www.cpdcoalition.ca\/wp-content\/uploads\/2020\/09\/2010-FMEC-MD_FR.pdf\" target=\"_blank\">LIRE LE RAPPORT<\/a>\n              <\/div>\n    <\/div>\n  <\/div>\n<\/section>\n","protected":false},"excerpt":{"rendered":"","protected":false},"author":4,"featured_media":0,"parent":0,"menu_order":0,"comment_status":"closed","ping_status":"closed","template":"","meta":{"_acf_changed":false,"footnotes":""},"class_list":["post-472","page","type-page","status-publish","hentry"],"acf":[],"_links":{"self":[{"href":"https:\/\/www.cpdcoalition.ca\/fr\/wp-json\/wp\/v2\/pages\/472","targetHints":{"allow":["GET"]}}],"collection":[{"href":"https:\/\/www.cpdcoalition.ca\/fr\/wp-json\/wp\/v2\/pages"}],"about":[{"href":"https:\/\/www.cpdcoalition.ca\/fr\/wp-json\/wp\/v2\/types\/page"}],"author":[{"embeddable":true,"href":"https:\/\/www.cpdcoalition.ca\/fr\/wp-json\/wp\/v2\/users\/4"}],"replies":[{"embeddable":true,"href":"https:\/\/www.cpdcoalition.ca\/fr\/wp-json\/wp\/v2\/comments?post=472"}],"version-history":[{"count":5,"href":"https:\/\/www.cpdcoalition.ca\/fr\/wp-json\/wp\/v2\/pages\/472\/revisions"}],"predecessor-version":[{"id":1375,"href":"https:\/\/www.cpdcoalition.ca\/fr\/wp-json\/wp\/v2\/pages\/472\/revisions\/1375"}],"wp:attachment":[{"href":"https:\/\/www.cpdcoalition.ca\/fr\/wp-json\/wp\/v2\/media?parent=472"}],"curies":[{"name":"wp","href":"https:\/\/api.w.org\/{rel}","templated":true}]}}