{"id":468,"date":"2020-04-03T16:35:09","date_gmt":"2020-04-03T20:35:09","guid":{"rendered":"https:\/\/fmec.machinedev.ca\/activities\/"},"modified":"2025-05-20T11:08:16","modified_gmt":"2025-05-20T15:08:16","slug":"activites","status":"publish","type":"page","link":"https:\/\/www.cpdcoalition.ca\/fr\/activites\/","title":{"rendered":"Activit\u00e9s"},"content":{"rendered":"\n<section class=\"section section--impact page-impact alignfull\">\n  <div class=\"impact-overlay\"><\/div>\n    <div class=\"parallax-bg \" style=\"background-image: url(https:\/\/www.cpdcoalition.ca\/wp-content\/uploads\/2020\/05\/iStock-1165067633-1920x828.jpg); background-size: cover; background-position: center center;\"><\/div>\n  <div class=\"grid-container fade-up-and-in\">\n    <div class=\"grid-x\">\n      <div class=\"cell\">\n                  <h1>Activit\u00e9s<\/h1>\n                      <\/div>\n    <\/div>\n  <\/div>\n<\/section>\n\n\n\n<h2 class=\"wp-block-heading\">Formulaires de demande PCD(SS)<\/h2>\n\n\n\n<p>L\u2019objectif du titre de professionnel certifi\u00e9 dans DPC PCD(SS) est de rehausser la qualit\u00e9 et l\u2019impact des activit\u00e9s de DPC et de renforcer la discipline du DPC. Elle y parvient en reconnaissant le d\u00e9veloppement professionnel et les r\u00e9alisations des personnes qui participent au DPC \u00e0 titre de leaders, de concepteurs de programmes, de chercheurs, d\u2019administrateurs, qu\u2019ils soient m\u00e9decins ou non.<\/p>\n\n\n\n<p>Ce titre est disponible par le truchement d&rsquo;un certificat ou d&rsquo;une voie de leadership, qui est l&rsquo;objet de cette demande.<\/p>\n\n\n\n<h2 class=\"wp-block-heading\">Voie du leadership<\/h2>\n\n\n\n<p>Le titre de comp\u00e9tences du PC-DCP est attribu\u00e9 par la fili\u00e8re du leadership aux candidats qui peuvent ainsi satisfaire aux exigences suivantes :<\/p>\n\n\n\n<ol class=\"wp-block-list\">\n<li>Fait partie des professionnels chevronn\u00e9s du DPC au Canada et poss\u00e8de une exp\u00e9rience significative et un palmar\u00e8s de r\u00e9alisations en tant que dirigeant dans le domaine du DPC, y compris son d\u00e9veloppement, sa prestation ou sa bourse.<\/li>\n\n\n\n<li>Preuve de l&rsquo;impact de leurs r\u00e9alisations dans le leadership du DPC fournie dans leur propre d\u00e9claration et dans l&rsquo;\u00e9valuation des pairs de r\u00e9f\u00e9rence.<\/li>\n<\/ol>\n\n\n\n<p>La demande portera sur les r\u00e9alisations de dirigeants de DPC qui ont eu un impact dans l&rsquo;un ou l&rsquo;ensemble des domaines suivants :<\/p>\n\n\n\n<ul class=\"wp-block-list\">\n<li>\u00c9ducation, bourses d\u2019\u00e9tudes et activit\u00e9s administratives\u00a0<\/li>\n\n\n\n<li>Participation active \u00e0 des organisations de DPC internationales, nationales, provinciales ou locales<\/li>\n\n\n\n<li>Occupation d\u2019un poste de chef, d\u2019administrateur ou d\u2019innovateur dans le domaine du DPC\u00a0<\/li>\n\n\n\n<li>Leadership dans le domaine du DPC en vue de soutenir la responsabilit\u00e9 sociale<\/li>\n\n\n\n<li>DPC interprofessionnel<\/li>\n<\/ul>\n\n\n\n<h2 class=\"wp-block-heading\"><strong>Int\u00e9rinaire du Certificat<\/strong><\/h2>\n\n\n\n<p>Cette fili\u00e8re est accessible aux personnes admissibles qui ont suivi avec succ\u00e8s les cours de base de DPC et le programme \u00ab&nbsp;Leading and Influencing Change in CPD&nbsp;\u00bb (diriger et influencer le changement dans les programmes de DPC) propos\u00e9s par le d\u00e9partement de DPC de la facult\u00e9 de m\u00e9decine de <a href=\"https:\/\/www.cpd.utoronto.ca\/\" target=\"_blank\" rel=\"noreferrer noopener\"><strong><span style=\"text-decoration: underline;\">l&rsquo;universit\u00e9 de Toronto<\/span><\/strong><\/a> OU d&rsquo;autres programmes de certificat jug\u00e9s \u00e9quivalents.<\/p>\n\n\n\n<p>La fili\u00e8re de certification menant au titre de PCD(SS) est conditionn\u00e9e par la r\u00e9ussite de ces deux programmes. Il est pr\u00e9vu que cette fili\u00e8re soit d\u00e9finie de mani\u00e8re plus large \u00e0 mesure que le titre de comp\u00e9tence arrive \u00e0 maturit\u00e9, afin de reconna\u00eetre les programmes internationaux et canadiens d\u00e8s qu&rsquo;ils sont disponibles.<\/p>\n\n\n\n<div class=\"wp-block-buttons is-layout-flex wp-block-buttons-is-layout-flex\">\n<div class=\"wp-block-button\"><a class=\"wp-block-button__link wp-element-button\" href=\"https:\/\/www.cpdcoalition.ca\/fr\/cpc-hc-application\/\">Postulez maintenant<\/a><\/div>\n<\/div>\n\n\n\n<div style=\"height:25px\" aria-hidden=\"true\" class=\"wp-block-spacer\"><\/div>\n","protected":false},"excerpt":{"rendered":"<p>Formulaires de demande PCD(SS) L\u2019objectif du titre de professionnel certifi\u00e9 dans DPC PCD(SS) est de rehausser la qualit\u00e9 et l\u2019impact des activit\u00e9s de DPC et de renforcer la discipline du DPC. Elle y parvient en reconnaissant le d\u00e9veloppement professionnel et les r\u00e9alisations des personnes qui participent au DPC \u00e0 titre de leaders, de concepteurs de [&hellip;]<\/p>\n","protected":false},"author":4,"featured_media":0,"parent":0,"menu_order":0,"comment_status":"closed","ping_status":"closed","template":"","meta":{"_acf_changed":false,"footnotes":""},"class_list":["post-468","page","type-page","status-publish","hentry"],"acf":[],"_links":{"self":[{"href":"https:\/\/www.cpdcoalition.ca\/fr\/wp-json\/wp\/v2\/pages\/468","targetHints":{"allow":["GET"]}}],"collection":[{"href":"https:\/\/www.cpdcoalition.ca\/fr\/wp-json\/wp\/v2\/pages"}],"about":[{"href":"https:\/\/www.cpdcoalition.ca\/fr\/wp-json\/wp\/v2\/types\/page"}],"author":[{"embeddable":true,"href":"https:\/\/www.cpdcoalition.ca\/fr\/wp-json\/wp\/v2\/users\/4"}],"replies":[{"embeddable":true,"href":"https:\/\/www.cpdcoalition.ca\/fr\/wp-json\/wp\/v2\/comments?post=468"}],"version-history":[{"count":13,"href":"https:\/\/www.cpdcoalition.ca\/fr\/wp-json\/wp\/v2\/pages\/468\/revisions"}],"predecessor-version":[{"id":1818,"href":"https:\/\/www.cpdcoalition.ca\/fr\/wp-json\/wp\/v2\/pages\/468\/revisions\/1818"}],"wp:attachment":[{"href":"https:\/\/www.cpdcoalition.ca\/fr\/wp-json\/wp\/v2\/media?parent=468"}],"curies":[{"name":"wp","href":"https:\/\/api.w.org\/{rel}","templated":true}]}}