{"id":466,"date":"2020-03-24T14:01:58","date_gmt":"2020-03-24T14:01:58","guid":{"rendered":"https:\/\/fmec.machinedev.ca\/homepage\/"},"modified":"2025-12-19T11:14:30","modified_gmt":"2025-12-19T16:14:30","slug":"coalition-canadienne-de-dpc","status":"publish","type":"page","link":"https:\/\/www.cpdcoalition.ca\/fr\/","title":{"rendered":"Coalition canadienne de DPC"},"content":{"rendered":"\n<section class=\"section section--impact page-impact alignfull\">\n  <div class=\"impact-overlay\"><\/div>\n    <div class=\"parallax-bg \" style=\"background-image: url(https:\/\/www.cpdcoalition.ca\/wp-content\/uploads\/2020\/05\/iStock-1165067633-1920x828.jpg); background-size: cover; background-position: center center;\"><\/div>\n  <div class=\"grid-container fade-up-and-in\">\n    <div class=\"grid-x\">\n      <div class=\"cell\">\n                  <h1>Coalition <br> canadienne de DPC<\/h1>\n                          <p>Soutenir l&rsquo;apprentissage des m\u00e9decins et l&rsquo;am\u00e9lioration de la pratique<\/p>\n              <\/div>\n    <\/div>\n  <\/div>\n<\/section>\n\n\n\n<p>Cette coalition, regroupant <a href=\"https:\/\/www.cpdcoalition.ca\/fr\/about\/\"><strong><span style=\"text-decoration: underline;\">huit organisations m\u00e9dicales nationales<\/span><\/strong><\/a>, a \u00e9t\u00e9 cr\u00e9\u00e9e en 2019 afin de donner suite aux recommandations du <a href=\"https:\/\/www.cpdcoalition.ca\/fr\/rapports\/\"><strong><span style=\"text-decoration: underline;\">rapport sur l\u2019avenir de l\u2019\u00e9ducation m\u00e9dicale au Canada (AEMC) \u2013 D\u00e9veloppement professionnel continu (DPC<\/span><\/strong><\/a>), publi\u00e9 en avril&nbsp;2019. Le rapport s\u2019intitule \u00ab&nbsp;Appuyer l\u2019apprentissage et l\u2019am\u00e9lioration continue de la pratique des m\u00e9decins au Canada&nbsp;: une nouvelle orientation&nbsp;\u00bb. La Coalition est dirig\u00e9e par le Coll\u00e8ge des m\u00e9decins de famille du Canada avec l\u2019aide d\u2019un coordonnateur de programme.<\/p>\n\n\n\n<section class=\"section section--text-with-image image-right alignfull\">\n  <div class=\"grid-container\">\n    <div class=\"grid-x grid-padding-x align-top\">\n      <div class=\"cell medium-5 small-order-2 medium-order-2\">\n                  <img decoding=\"async\" src=\"https:\/\/www.cpdcoalition.ca\/wp-content\/uploads\/2020\/05\/iStock-862229772-1024x682.jpg\" alt=\"team of doctors discussing\" class=\"full\">\n              <\/div>\n      <div class=\"cell medium-7 small-order-1 medium-order-1\">\n\t\t        \t<h2>Notre objectif<\/h2>\n\t\t                          <p><p>D\u00e9velopper nos initiatives cl\u00e9s afin de cr\u00e9er un syst\u00e8me national d\u2019apprentissage et d\u2019am\u00e9lioration de la pratique pour les m\u00e9decins qui r\u00e9pondra aux besoins des patients et de la collectivit\u00e9, ce qui permettra une am\u00e9lioration de la pratique et des r\u00e9sultats pour les patients.<\/p>\n<p>Pour y parvenir, nous tirerons parti des ressources, du leadership et de l\u2019exp\u00e9rience des fournisseurs de DPC actuels des organisations jointes \u00e0 nous. Nous travaillerons ensemble afin de parfaire des projets qui engendrent de meilleurs r\u00e9sultats lorsque nous y participerons avec nos organisations collaboratrices.<\/p>\n<\/p>\n                      <\/div>\n    <\/div>\n  <\/div>\n<\/section>\n\n\n\n<section class=\"section section--collaborators alignfull\">\n\t<div class=\"grid-container\">\n\t\t\t  \t<h2>Nos Collaborateurs<\/h2>\n\t    \t\t\t\t\t<ul class=\"logo-grid\">\n\t\t\t\t\t\t\t<li>\n\t\t\t\t\t\t\t\t\t\t<div class=\"collaborator-image\"><img decoding=\"async\" src=\"https:\/\/www.cpdcoalition.ca\/wp-content\/uploads\/2020\/04\/AFMC_logo.png\" alt=\"AFMC logo\"><\/div>\n\t\t\t\t\t\t\t\t\t<\/li>\n\t\t\t\t\t\t\t\t<li>\n\t\t\t\t\t\t\t\t\t\t<div class=\"collaborator-image\"><img decoding=\"async\" src=\"https:\/\/www.cpdcoalition.ca\/wp-content\/uploads\/2020\/04\/CFPC_logo.png\" alt=\"The College of Family Physicians of Canada\"><\/div>\n\t\t\t\t\t\t\t\t\t<\/li>\n\t\t\t\t\t\t\t\t<li>\n\t\t\t\t\t\t\t\t\t\t<div class=\"collaborator-image\"><img decoding=\"async\" src=\"https:\/\/www.cpdcoalition.ca\/wp-content\/uploads\/2020\/04\/CMA.png\" alt=\"Canadian Medical Association Logo\"><\/div>\n\t\t\t\t\t\t\t\t\t<\/li>\n\t\t\t\t\t\t\t\t<li>\n\t\t\t\t\t\t\t\t\t\t<div class=\"collaborator-image\"><img decoding=\"async\" src=\"https:\/\/www.cpdcoalition.ca\/wp-content\/uploads\/2020\/04\/CMPA_logo.jpg\" alt=\"CMPA logo \"><\/div>\n\t\t\t\t\t\t\t\t\t<\/li>\n\t\t\t\t\t\t\t\t<li>\n\t\t\t\t\t\t\t\t\t\t<div class=\"collaborator-image\"><img decoding=\"async\" src=\"https:\/\/www.cpdcoalition.ca\/wp-content\/uploads\/2020\/04\/FMRAC_logo.png\" alt=\"Federation of Medical Authorities of Canada logo \"><\/div>\n\t\t\t\t\t\t\t\t\t<\/li>\n\t\t\t\t\t\t\t\t<li>\n\t\t\t\t\t\t\t\t\t\t<div class=\"collaborator-image\"><img decoding=\"async\" src=\"https:\/\/www.cpdcoalition.ca\/wp-content\/uploads\/2021\/09\/fmsq2020Bleu-1024x215.jpg\" alt=\"F\u00e9d\u00e9ration des m\u00e9decins sp\u00e9cialistes du Qu\u00e9bec\"><\/div>\n\t\t\t\t\t\t\t\t\t<\/li>\n\t\t\t\t\t\t\t\t<li>\n\t\t\t\t\t\t\t\t\t\t<div class=\"collaborator-image\"><img decoding=\"async\" src=\"https:\/\/www.cpdcoalition.ca\/wp-content\/uploads\/2025\/12\/Logo-FMOQ.jpg\" alt=\"\"><\/div>\n\t\t\t\t\t\t\t\t\t<\/li>\n\t\t\t\t\t\t\t\t<li>\n\t\t\t\t\t\t\t\t\t\t<div class=\"collaborator-image\"><img decoding=\"async\" src=\"https:\/\/www.cpdcoalition.ca\/wp-content\/uploads\/2020\/04\/RCPSC_logo.png\" alt=\"Royal College of Physicians and Surgeons of Canada logo\"><\/div>\n\t\t\t\t\t\t\t\t\t<\/li>\n\t\t\t\t\t\t\t<\/ul>\n\t\t\t\t<\/div>\n<\/section>\n\n\n\n<p><\/p>\n","protected":false},"excerpt":{"rendered":"<p>Cette coalition, regroupant huit organisations m\u00e9dicales nationales, a \u00e9t\u00e9 cr\u00e9\u00e9e en 2019 afin de donner suite aux recommandations du rapport sur l\u2019avenir de l\u2019\u00e9ducation m\u00e9dicale au Canada (AEMC) \u2013 D\u00e9veloppement professionnel continu (DPC), publi\u00e9 en avril&nbsp;2019. Le rapport s\u2019intitule \u00ab&nbsp;Appuyer l\u2019apprentissage et l\u2019am\u00e9lioration continue de la pratique des m\u00e9decins au Canada&nbsp;: une nouvelle orientation&nbsp;\u00bb. La [&hellip;]<\/p>\n","protected":false},"author":1,"featured_media":0,"parent":0,"menu_order":0,"comment_status":"closed","ping_status":"closed","template":"","meta":{"_acf_changed":false,"footnotes":""},"class_list":["post-466","page","type-page","status-publish","hentry"],"acf":[],"_links":{"self":[{"href":"https:\/\/www.cpdcoalition.ca\/fr\/wp-json\/wp\/v2\/pages\/466","targetHints":{"allow":["GET"]}}],"collection":[{"href":"https:\/\/www.cpdcoalition.ca\/fr\/wp-json\/wp\/v2\/pages"}],"about":[{"href":"https:\/\/www.cpdcoalition.ca\/fr\/wp-json\/wp\/v2\/types\/page"}],"author":[{"embeddable":true,"href":"https:\/\/www.cpdcoalition.ca\/fr\/wp-json\/wp\/v2\/users\/1"}],"replies":[{"embeddable":true,"href":"https:\/\/www.cpdcoalition.ca\/fr\/wp-json\/wp\/v2\/comments?post=466"}],"version-history":[{"count":7,"href":"https:\/\/www.cpdcoalition.ca\/fr\/wp-json\/wp\/v2\/pages\/466\/revisions"}],"predecessor-version":[{"id":1887,"href":"https:\/\/www.cpdcoalition.ca\/fr\/wp-json\/wp\/v2\/pages\/466\/revisions\/1887"}],"wp:attachment":[{"href":"https:\/\/www.cpdcoalition.ca\/fr\/wp-json\/wp\/v2\/media?parent=466"}],"curies":[{"name":"wp","href":"https:\/\/api.w.org\/{rel}","templated":true}]}}