{"id":144,"date":"2020-04-03T16:34:42","date_gmt":"2020-04-03T20:34:42","guid":{"rendered":"https:\/\/fmec.machinedev.ca\/about\/"},"modified":"2025-12-16T11:36:37","modified_gmt":"2025-12-16T16:36:37","slug":"about","status":"publish","type":"page","link":"https:\/\/www.cpdcoalition.ca\/fr\/about\/","title":{"rendered":"About"},"content":{"rendered":"\n<section class=\"section section--impact page-impact alignfull\">\n  <div class=\"impact-overlay\"><\/div>\n    <div class=\"parallax-bg \" style=\"background-image: url(https:\/\/www.cpdcoalition.ca\/wp-content\/uploads\/2020\/05\/iStock-1165067633-1920x828.jpg); background-size: cover; background-position: center center;\"><\/div>\n  <div class=\"grid-container fade-up-and-in\">\n    <div class=\"grid-x\">\n      <div class=\"cell\">\n                  <h1>\u00c0 propos de nous<\/h1>\n                      <\/div>\n    <\/div>\n  <\/div>\n<\/section>\n\n\n\n<p>La Coalition pour l&rsquo;am\u00e9lioration de l&rsquo;apprentissage et de la pratique des m\u00e9decins (la Coalition) a \u00e9t\u00e9 cr\u00e9\u00e9e en 2019 par huit organisations m\u00e9dicales nationales dont l&rsquo;objectif est de porter mettre en \u0153uvre les recommandations contenues dans le rapport sur l&rsquo;Avenir de l&rsquo;enseignement m\u00e9dical au Canada (AEMC) et le DPC (2019). Ce rapport est le r\u00e9sultat de quatre ann\u00e9es de consultation et a impliqu\u00e9 plus de 100 responsables de DPC au Canada dans une s\u00e9rie de groupes de travail et de conf\u00e9rences. Le rapport d\u00e9crit un nouveau syst\u00e8me de DPC qui soutient l&rsquo;apprentissage et l&rsquo;am\u00e9lioration de la pratique des m\u00e9decins et soutient l&rsquo;innovation et l&rsquo;am\u00e9lioration de la qualit\u00e9 pour la sant\u00e9 des Canadiens. Il fait partie d&rsquo;une initiative \u00e0 long terme visant \u00e0 garantir que le syst\u00e8me de formation m\u00e9dicale du Canada continue \u00e0 r\u00e9pondre aux besoins \u00e9volutifs des Canadiens, aujourd&rsquo;hui et \u00e0 l&rsquo;avenir.<\/p>\n\n\n\n<p>La Coalition entrevoit un syst\u00e8me de DPC au Canada qui r\u00e9pond aux besoins des patients et de la communaut\u00e9, qui est fond\u00e9 sur des preuves scientifiques et des donn\u00e9es de pratique, et qui est orient\u00e9 au profit d\u2019am\u00e9liorations significatives dans pratique des m\u00e9decins et des r\u00e9sultats pour les patients.<\/p>\n\n\n\n<div style=\"height:20px\" aria-hidden=\"true\" class=\"wp-block-spacer\"><\/div>\n\n\n\n<h2 class=\"wp-block-heading\"><strong>L\u2019\u00e9quipe de direction de la Coalition et les organisations partenaires<\/strong><\/h2>\n\n\n\n<p>La Coalition pour l&rsquo;am\u00e9lioration de l&rsquo;apprentissage et de la pratique des m\u00e9decins est financ\u00e9e et dirig\u00e9e par huit organisations partenaires\/collaboratrices. Chacune de ces organisations a d\u00e9sign\u00e9 un repr\u00e9sentant pour l&rsquo;\u00e9quipe de direction de la coalition, comme indiqu\u00e9 ci- dessous. L\u2019\u00e9quipe comprend \u00e9galement des repr\u00e9sentants des patients et un conseiller principal.&nbsp; Le CMFC g\u00e8re le secr\u00e9tariat de la Coalition.<\/p>\n\n\n\n<div style=\"height:20px\" aria-hidden=\"true\" class=\"wp-block-spacer\"><\/div>\n\n\n\n<h3 class=\"wp-block-heading\">Membres de l\u2019\u00e9quipe de direction<\/h3>\n\n\n\n<section class=\"section section--steering-committee alignfull\">\n  <div class=\"grid-container\">\n\t  \t\t\t  <div class=\"grid-x grid-padding-x\">\n\t\t\t\t  <div class=\"cell medium-4\">\n\t\t\t\t  \t\t\t\t\t\t  <img decoding=\"async\" src=\"https:\/\/www.cpdcoalition.ca\/wp-content\/uploads\/2023\/06\/logo-cpd-official-1024x246.png\" alt=\"\">\n\t\t\t\t\t\t\t\t\t  <\/div>\n\t\t\t\t  <div class=\"cell medium-8\">\n\t\t\t\t\t  <p><strong>David Wiljer, PhD, CPC(HC)<\/strong><\/p>\n<p>Chair, Coalition for Physician Learning and Practice Improvement<\/p>\n<p>Associate Dean, Continuing Professional Development<\/p>\n<p><strong>Temerty Faculty of Medicine, University of Toronto<\/strong><\/p>\n<p><a href=\"https:\/\/www.cpd.utoronto.ca\/\">https:\/\/www.cpd.utoronto.ca\/<\/a><\/p>\n\t\t\t\t  <\/div>\n\t\t\t  <\/div>\n\t\t\t  \t\t\t  <div class=\"grid-x grid-padding-x\">\n\t\t\t\t  <div class=\"cell medium-4\">\n\t\t\t\t  \t\t\t\t\t\t  <img decoding=\"async\" src=\"https:\/\/www.cpdcoalition.ca\/wp-content\/uploads\/2025\/12\/Queens-viguide-logos-fullcolour-1200x589-2x_0-1024x503.jpg\" alt=\"\">\n\t\t\t\t\t\t\t\t\t  <\/div>\n\t\t\t\t  <div class=\"cell medium-8\">\n\t\t\t\t\t  <p><strong>Eleftherios Soleas, MEd, PhD, CPC(HC), OCT<\/strong><\/p>\n<p>Vice-Chair, Coalition for Physician Learning and Practice Improvement<\/p>\n<p>Director of Lifelong Learning and Innovation, Special Advisor to the Provost, Generative AI<\/p>\n<p>Office of Professional Development and Educational Scholarship<\/p>\n<p><strong>Faculty of Health Sciences, Queen\u2019s University<\/strong><\/p>\n<p><a href=\"https:\/\/healthsci.queensu.ca\/opdes\/\">https:\/\/healthsci.queensu.ca\/opdes\/<\/a><\/p>\n\t\t\t\t  <\/div>\n\t\t\t  <\/div>\n\t\t\t  \t\t\t  <div class=\"grid-x grid-padding-x\">\n\t\t\t\t  <div class=\"cell medium-4\">\n\t\t\t\t  \t\t\t\t\t\t  <img decoding=\"async\" src=\"https:\/\/www.cpdcoalition.ca\/wp-content\/uploads\/2020\/04\/AFMC_logo.png\" alt=\"AFMC logo\">\n\t\t\t\t\t\t\t\t\t  <\/div>\n\t\t\t\t  <div class=\"cell medium-8\">\n\t\t\t\t\t  <p><strong><sup>Dre<\/sup>Anna Karwowska, MDCM, FRCPC<\/strong><\/p>\n<p>Vice-pr\u00e9sidente, \u00c9ducation<\/p>\n<p><strong>The Association of Faculties of Medicine of Canada<\/strong><\/p>\n<blockquote class=\"wp-embedded-content\" data-secret=\"YDfTjD1IsH\"><p><a href=\"https:\/\/www.afmc.ca\/\">Home<\/a><\/p><\/blockquote>\n<p><iframe loading=\"lazy\" class=\"wp-embedded-content\" sandbox=\"allow-scripts\" security=\"restricted\" style=\"position: absolute; visibility: hidden;\" title=\"&#8220;Home&#8221; &#8212; AFMC\" src=\"https:\/\/www.afmc.ca\/embed\/#?secret=06BUxXU21e#?secret=YDfTjD1IsH\" data-secret=\"YDfTjD1IsH\" width=\"500\" height=\"282\" frameborder=\"0\" marginwidth=\"0\" marginheight=\"0\" scrolling=\"no\"><\/iframe><\/p>\n\t\t\t\t  <\/div>\n\t\t\t  <\/div>\n\t\t\t  \t\t\t  <div class=\"grid-x grid-padding-x\">\n\t\t\t\t  <div class=\"cell medium-4\">\n\t\t\t\t  \t\t\t\t\t\t  <img decoding=\"async\" src=\"https:\/\/www.cpdcoalition.ca\/wp-content\/uploads\/2020\/04\/CMA.png\" alt=\"Canadian Medical Association Logo\">\n\t\t\t\t\t\t\t\t\t  <\/div>\n\t\t\t\t  <div class=\"cell medium-8\">\n\t\t\t\t\t  <p><strong>Tanis Roadhouse<\/strong><\/p>\n<p>Vice-pr\u00e9sident, Apprentissage des m\u00e9decins<\/p>\n<p><strong>Association m\u00e9dicale canadienne<\/strong><\/p>\n<p><a href=\"https:\/\/www.cma.ca\/\">https:\/\/www.cma.ca\/<\/a><\/p>\n\t\t\t\t  <\/div>\n\t\t\t  <\/div>\n\t\t\t  \t\t\t  <div class=\"grid-x grid-padding-x\">\n\t\t\t\t  <div class=\"cell medium-4\">\n\t\t\t\t  \t\t\t\t\t\t  <img decoding=\"async\" src=\"https:\/\/www.cpdcoalition.ca\/wp-content\/uploads\/2020\/04\/CMPA_logo.jpg\" alt=\"CMPA logo\">\n\t\t\t\t\t\t\t\t\t  <\/div>\n\t\t\t\t  <div class=\"cell medium-8\">\n\t\t\t\t\t  <p><strong>D<sup>re<\/sup> Christine De Maria, MD, BPharm, MSc, GDipScComm, CCFP, CPC(HC)<\/strong><\/p>\n<p>Physician Advisor, Learning<\/p>\n<p><strong>Canadian Medical Protective Association<\/strong><\/p>\n<p><a href=\"https:\/\/www.cmpa-acpm.ca\">https:\/\/www.cmpa-acpm.ca<\/a><\/p>\n\t\t\t\t  <\/div>\n\t\t\t  <\/div>\n\t\t\t  \t\t\t  <div class=\"grid-x grid-padding-x\">\n\t\t\t\t  <div class=\"cell medium-4\">\n\t\t\t\t  \t\t\t\t\t\t  <img decoding=\"async\" src=\"https:\/\/www.cpdcoalition.ca\/wp-content\/uploads\/2020\/04\/CFPC_logo.png\" alt=\"The College of Family Physicians of Canada Logo\">\n\t\t\t\t\t\t\t\t\t  <\/div>\n\t\t\t\t  <div class=\"cell medium-8\">\n\t\t\t\t\t  <p><strong>D<sup>re<\/sup> Leonora Lalla, MDCM CCFP FCFP, CPC (HC)<\/strong><\/p>\n<p>Directrice ex\u00e9cutive, D\u00e9veloppement professionnel continu<\/p>\n<p><strong>Le Coll\u00e8ge des m\u00e9decins de famille du Canada<\/strong><\/p>\n<p><a href=\"http:\/\/www.cfpc.ca\/fr\/home\">http:\/\/www.cfpc.ca\/fr\/home<\/a><\/p>\n\t\t\t\t  <\/div>\n\t\t\t  <\/div>\n\t\t\t  \t\t\t  <div class=\"grid-x grid-padding-x\">\n\t\t\t\t  <div class=\"cell medium-4\">\n\t\t\t\t  \t\t\t\t\t\t  <img decoding=\"async\" src=\"https:\/\/www.cpdcoalition.ca\/wp-content\/uploads\/2020\/04\/FMRAC_logo.png\" alt=\"Federation of Medical Authorities of Canada logo\">\n\t\t\t\t\t\t\t\t\t  <\/div>\n\t\t\t\t  <div class=\"cell medium-8\">\n\t\t\t\t\t  <p><strong>M<sup>me<\/sup> Stephanie Price, P.Eng, FEC, CAE<\/strong><\/p>\n<p>Directrice g\u00e9n\u00e9rale<\/p>\n<p><strong>F\u00e9d\u00e9ration des ordres de m\u00e9decins du Canada<\/strong><\/p>\n<p><a href=\"http:\/\/www.fmrac.ca\/\">http:\/\/www.fmrac.ca\/<\/a><\/p>\n\t\t\t\t  <\/div>\n\t\t\t  <\/div>\n\t\t\t  \t\t\t  <div class=\"grid-x grid-padding-x\">\n\t\t\t\t  <div class=\"cell medium-4\">\n\t\t\t\t  \t\t\t\t\t\t  <img decoding=\"async\" src=\"https:\/\/www.cpdcoalition.ca\/wp-content\/uploads\/2021\/09\/fmsq2020Bleu-1024x215.jpg\" alt=\"F\u00e9d\u00e9ration des m\u00e9decins sp\u00e9cialistes du Qu\u00e9bec\">\n\t\t\t\t\t\t\t\t\t  <\/div>\n\t\t\t\t  <div class=\"cell medium-8\">\n\t\t\t\t\t  <p><b>D<sup>r<\/sup>\u00a0Samuel Daniel, MD, FRCSC<\/b><\/p>\n<p>Directeur, D\u00e9veloppement professionnel continu<\/p>\n<p><strong>F\u00e9d\u00e9ration des m\u00e9decins sp\u00e9cialistes du Qu\u00e9bec<\/strong><\/p>\n<p><a href=\"http:\/\/fmsq.org\/fr\">fmsq.org\/fr]fmsq.org\/fr<\/a><\/p>\n\t\t\t\t  <\/div>\n\t\t\t  <\/div>\n\t\t\t  \t\t\t  <div class=\"grid-x grid-padding-x\">\n\t\t\t\t  <div class=\"cell medium-4\">\n\t\t\t\t  \t\t\t\t\t\t  <img decoding=\"async\" src=\"https:\/\/www.cpdcoalition.ca\/wp-content\/uploads\/2025\/12\/Logo-FMOQ.jpg\" alt=\"\">\n\t\t\t\t\t\t\t\t\t  <\/div>\n\t\t\t\t  <div class=\"cell medium-8\">\n\t\t\t\t\t  <p><strong>Isabelle Noiseux, MD, CCFP<\/strong><\/p>\n<p>Directrice de la Formation professionnelle<\/p>\n<p><strong>F\u00e9d\u00e9ration des m\u00e9decins omnipraticiens du Qu\u00e9bec (FMOQ)<\/strong><\/p>\n<p><a href=\"https:\/\/www.fmoq.org\">https:\/\/www.fmoq.org<\/a><\/p>\n\t\t\t\t  <\/div>\n\t\t\t  <\/div>\n\t\t\t  \t\t\t  <div class=\"grid-x grid-padding-x\">\n\t\t\t\t  <div class=\"cell medium-4\">\n\t\t\t\t  \t\t\t\t\t\t  <img decoding=\"async\" src=\"https:\/\/www.cpdcoalition.ca\/wp-content\/uploads\/2020\/04\/RCPSC_logo.png\" alt=\"Royal College of Physicians and Surgeons of Canada logo\">\n\t\t\t\t\t\t\t\t\t  <\/div>\n\t\t\t\t  <div class=\"cell medium-8\">\n\t\t\t\t\t  <p><strong>D<sup>re<\/sup> \u00a0Sofia Valanci Aroesty, MD, PhD<\/strong><\/p>\n<p>Conseill\u00e8re de programme, Strat\u00e9gie d\u2019apprentissage, Bureau de l\u2019\u00e9ducation et du r\u00e9seautage<\/p>\n<p><strong>Coll\u00e8ge royal des m\u00e9decins et chirurgiens du Canada<\/strong><\/p>\n<p><a href=\"http:\/\/royalcollege.ca\">http:\/\/royalcollege.ca<\/a><\/p>\n\t\t\t\t  <\/div>\n\t\t\t  <\/div>\n\t\t\t  \t\t\t  <div class=\"grid-x grid-padding-x\">\n\t\t\t\t  <div class=\"cell medium-4\">\n\t\t\t\t  \t\t\t\t\t\t  <img decoding=\"async\" src=\"https:\/\/www.cpdcoalition.ca\/wp-content\/uploads\/2023\/06\/logo-cpd-official-1024x246.png\" alt=\"\">\n\t\t\t\t\t\t\t\t\t  <\/div>\n\t\t\t\t  <div class=\"cell medium-8\">\n\t\t\t\t\t  <p><strong>D<sup>re<\/sup> Suzan Schneeweiss, MD, MEd, FRCPC, CPC(HC)<\/strong><\/p>\n<p>Doyen associ\u00e9<\/p>\n<p>D\u00e9veloppement professionnel continu<\/p>\n<p><strong>Universit\u00e9 de Toronto<\/strong><\/p>\n<p>Pr\u00e9sident sortant, Comit\u00e9 des doyens de DPC de l&rsquo;AFMC<\/p>\n<p><a href=\"https:\/\/www.cpd.utoronto.ca\/\">https:\/\/www.cpd.utoronto.ca\/<\/a><\/p>\n<p><a href=\"https:\/\/www.afmc.ca\/fr\/\">https:\/\/www.afmc.ca\/fr\/<\/a><\/p>\n\t\t\t\t  <\/div>\n\t\t\t  <\/div>\n\t\t\t  \t\t\t  <div class=\"grid-x grid-padding-x\">\n\t\t\t\t  <div class=\"cell medium-4\">\n\t\t\t\t  \t\t\t\t\t\t  <img decoding=\"async\" src=\"https:\/\/www.cpdcoalition.ca\/wp-content\/uploads\/2023\/06\/horz-logo-left-1.jpg\" alt=\"\">\n\t\t\t\t\t\t\t\t\t  <\/div>\n\t\t\t\t  <div class=\"cell medium-8\">\n\t\t\t\t\t  <p><strong>D<sup>re<\/sup> Lynn Ashdown MD, MA<\/strong><\/p>\n<p>Conseiller principal patient-partenaire<\/p>\n<p><strong>Association des facult\u00e9s de m\u00e9decine du Canada<\/strong><\/p>\n<p>Patiente partenaire<\/p>\n<p><a href=\"https:\/\/www.uottawa.ca\/en\">Universit\u00e9 d\u2019Ottawa<\/a><\/p>\n<p><a href=\"https:\/\/www.afmc.ca\/fr\/\">https:\/\/www.afmc.ca\/fr\/<\/a><\/p>\n\t\t\t\t  <\/div>\n\t\t\t  <\/div>\n\t\t\t  \t\t\t  <div class=\"grid-x grid-padding-x\">\n\t\t\t\t  <div class=\"cell medium-4\">\n\t\t\t\t  \t\t\t\t\t\t  <img decoding=\"async\" src=\"https:\/\/www.cpdcoalition.ca\/wp-content\/uploads\/2023\/06\/horz-logo-left-1.jpg\" alt=\"\">\n\t\t\t\t\t\t\t\t\t  <\/div>\n\t\t\t\t  <div class=\"cell medium-8\">\n\t\t\t\t\t  <p><strong>M<sup>me<\/sup> Melanie Clement<\/strong><br \/>\nPatiente partenaire<\/p>\n<p><strong>Universit\u00e9 d\u2019Ottawa<\/strong><\/p>\n<p>Patiente partenaire<\/p>\n<p><strong>Sant\u00e9 Ottawa-Est<\/strong><\/p>\n\t\t\t\t  <\/div>\n\t\t\t  <\/div>\n\t\t\t    <\/div>\n<\/section>\n","protected":false},"excerpt":{"rendered":"<p>La Coalition pour l&rsquo;am\u00e9lioration de l&rsquo;apprentissage et de la pratique des m\u00e9decins (la Coalition) a \u00e9t\u00e9 cr\u00e9\u00e9e en 2019 par huit organisations m\u00e9dicales nationales dont l&rsquo;objectif est de porter mettre en \u0153uvre les recommandations contenues dans le rapport sur l&rsquo;Avenir de l&rsquo;enseignement m\u00e9dical au Canada (AEMC) et le DPC (2019). Ce rapport est le r\u00e9sultat [&hellip;]<\/p>\n","protected":false},"author":4,"featured_media":0,"parent":0,"menu_order":0,"comment_status":"closed","ping_status":"closed","template":"","meta":{"_acf_changed":false,"footnotes":""},"class_list":["post-144","page","type-page","status-publish","hentry"],"acf":[],"_links":{"self":[{"href":"https:\/\/www.cpdcoalition.ca\/fr\/wp-json\/wp\/v2\/pages\/144","targetHints":{"allow":["GET"]}}],"collection":[{"href":"https:\/\/www.cpdcoalition.ca\/fr\/wp-json\/wp\/v2\/pages"}],"about":[{"href":"https:\/\/www.cpdcoalition.ca\/fr\/wp-json\/wp\/v2\/types\/page"}],"author":[{"embeddable":true,"href":"https:\/\/www.cpdcoalition.ca\/fr\/wp-json\/wp\/v2\/users\/4"}],"replies":[{"embeddable":true,"href":"https:\/\/www.cpdcoalition.ca\/fr\/wp-json\/wp\/v2\/comments?post=144"}],"version-history":[{"count":26,"href":"https:\/\/www.cpdcoalition.ca\/fr\/wp-json\/wp\/v2\/pages\/144\/revisions"}],"predecessor-version":[{"id":1843,"href":"https:\/\/www.cpdcoalition.ca\/fr\/wp-json\/wp\/v2\/pages\/144\/revisions\/1843"}],"wp:attachment":[{"href":"https:\/\/www.cpdcoalition.ca\/fr\/wp-json\/wp\/v2\/media?parent=144"}],"curies":[{"name":"wp","href":"https:\/\/api.w.org\/{rel}","templated":true}]}}